{"id":499,"date":"2023-09-14T18:35:23","date_gmt":"2023-09-14T18:35:23","guid":{"rendered":"https:\/\/www.iebi.com.co\/iebiwp\/?page_id=499"},"modified":"2024-07-22T09:10:38","modified_gmt":"2024-07-22T14:10:38","slug":"nosotros","status":"publish","type":"page","link":"https:\/\/www.iebi.com.co\/iebiwp\/","title":{"rendered":"Nosotros"},"content":{"rendered":"\n<div class=\"wp-block-cover alignfull has-parallax\" style=\"border-style:none;border-width:0px;border-radius:0px;margin-top:0;margin-bottom:0;padding-top:0;padding-bottom:0;min-height:490px;aspect-ratio:unset;\"><span aria-hidden=\"true\" class=\"wp-block-cover__background has-background-dim\"><\/span><div role=\"img\" class=\"wp-block-cover__image-background wp-image-3188 has-parallax lazyload\" style=\"background-position:83% 16%;background-image:inherit\" data-bg-image=\"url(https:\/\/www.iebi.com.co\/iebiwp\/wp-content\/uploads\/2023\/11\/665-images-1-a-7.jpg)\"><\/div><div class=\"wp-block-cover__inner-container is-layout-flow wp-block-cover-is-layout-flow\">\n<p class=\"has-text-align-center is-style-small-text\" style=\"margin-top:var(--wp--preset--spacing--40);margin-right:0;margin-bottom:var(--wp--preset--spacing--40);margin-left:0;font-size:1.6em;font-style:normal;font-weight:300;line-height:1\">Iglesia Evang\u00e9lica Bautista de Itag\u00fc\u00ed <\/p>\n\n\n\n<div style=\"height:30px\" aria-hidden=\"true\" class=\"wp-block-spacer\"><\/div>\n\n\n\n<div class=\"wp-block-columns is-layout-flex wp-container-core-columns-is-layout-9d6595d7 wp-block-columns-is-layout-flex\">\n<div class=\"wp-block-column is-layout-flow wp-block-column-is-layout-flow\">\n<div class=\"wp-block-uagb-image aligncenter uagb-block-16d29500 wp-block-uagb-image--layout-default wp-block-uagb-image--effect-grayscale wp-block-uagb-image--align-center\"><figure class=\"wp-block-uagb-image__figure\"><img decoding=\"async\" data-srcset=\"https:\/\/www.iebi.com.co\/iebiwp\/wp-content\/uploads\/2023\/11\/Copia-de-IMG_2902-copia-1024x568.jpg ,https:\/\/www.iebi.com.co\/iebiwp\/wp-content\/uploads\/2023\/11\/Copia-de-IMG_2902-copia.jpg 780w, https:\/\/www.iebi.com.co\/iebiwp\/wp-content\/uploads\/2023\/11\/Copia-de-IMG_2902-copia.jpg 360w\" data-sizes=\"auto, (max-width: 480px) 150px\" data-src=\"https:\/\/www.iebi.com.co\/iebiwp\/wp-content\/uploads\/2023\/11\/Copia-de-IMG_2902-copia-1024x568.jpg\" alt=\"\" class=\"uag-image-4163 lazyload\" width=\"1024\" height=\"568\" title=\"\" src=\"data:image\/gif;base64,R0lGODlhAQABAAAAACH5BAEKAAEALAAAAAABAAEAAAICTAEAOw==\" style=\"--smush-placeholder-width: 1024px; --smush-placeholder-aspect-ratio: 1024\/568;\" \/><\/figure><\/div>\n<\/div>\n\n\n\n<div class=\"wp-block-column is-layout-flow wp-block-column-is-layout-flow\">\n<h2 class=\"wp-block-heading has-text-align-center mt-1 mb-05 is-style-small-text has-main-2-color has-text-color has-link-color wp-elements-c3ee47a92a49c52dbb016d1e79c25618\" style=\"margin-top:0;margin-right:var(--wp--preset--spacing--80);margin-bottom:0;margin-left:var(--wp--preset--spacing--80);font-size:1.5em\">desde 1963<\/h2>\n\n\n\n<p class=\"has-text-align-center\" style=\"margin-right:var(--wp--preset--spacing--70);margin-left:var(--wp--preset--spacing--70);font-size:21px\">Somos una Iglesia B\u00edblica Bautista, ubicada en el municipio de Itag\u00fc\u00ed, Antioquia, Colombia.<br><br>Nos adherimos a la Confesi\u00f3n de Fe Bautista 1689, a las 5 Doctrinas de la Gracia y a las 5 Solas.<\/p>\n<\/div>\n<\/div>\n<\/div><\/div>\n\n\n\n<div style=\"height:30px\" aria-hidden=\"true\" class=\"wp-block-spacer\"><\/div>\n\n\n\n<div class=\"wp-block-columns are-vertically-aligned-center is-layout-flex wp-container-core-columns-is-layout-fd6a2930 wp-block-columns-is-layout-flex\" style=\"padding-top:var(--wp--preset--spacing--50);padding-right:0;padding-bottom:var(--wp--preset--spacing--50);padding-left:0\">\n<div class=\"wp-block-column is-vertically-aligned-center is-layout-flow wp-block-column-is-layout-flow\">\n<div class=\"wp-block-uagb-advanced-heading uagb-block-8ab4a24b\"><h2 class=\"uagb-heading-text\">Nuestras reuniones:<\/h2><div class=\"uagb-separator\"><\/div><\/div>\n<\/div>\n\n\n\n<div class=\"wp-block-column is-vertically-aligned-center is-layout-flow wp-block-column-is-layout-flow\">\n<div class=\"wp-block-uagb-slider uagb-block-297ff565 uagb-slider-container\"><div class=\"uagb-slides uagb-swiper\"><div class=\"swiper-wrapper\">\n<div class=\"wp-block-uagb-slider-child uagb-slider-child-wrap swiper-slide uagb-block-6ea4b9c7\"><div class=\"swiper-content\">\n<div class=\"wp-block-uagb-container uagb-block-e1780438 default uagb-is-root-container\">\n<div class=\"wp-block-uagb-info-box uagb-block-e761cc2a uagb-infobox__content-wrap  uagb-infobox-icon-below-title uagb-infobox-image-valign-top\"><div class=\"uagb-ifb-content\"><div class=\"uagb-ifb-title-wrap\"><h2 class=\"uagb-ifb-title\">Predicaci\u00f3n de la Palabra <\/h2><\/div><div class=\"uagb-ifb-separator\"><\/div><div class=\"uagb-ifb-icon-wrap\"><svg xmlns=\"https:\/\/www.w3.org\/2000\/svg\" viewBox=\"0 0 640 512\"><path d=\"M344 48H376C389.3 48 400 58.75 400 72C400 85.25 389.3 96 376 96H344V142.4L456.7 210C471.2 218.7 480 234.3 480 251.2V512H384V416C384 380.7 355.3 352 320 352C284.7 352 256 380.7 256 416V512H160V251.2C160 234.3 168.8 218.7 183.3 210L296 142.4V96H264C250.7 96 240 85.25 240 72C240 58.75 250.7 48 264 48H296V24C296 10.75 306.7 0 320 0C333.3 0 344 10.75 344 24V48zM24.87 330.3L128 273.6V512H48C21.49 512 0 490.5 0 464V372.4C0 354.9 9.53 338.8 24.87 330.3V330.3zM592 512H512V273.6L615.1 330.3C630.5 338.8 640 354.9 640 372.4V464C640 490.5 618.5 512 592 512V512z\"><\/path><\/svg><\/div><p class=\"uagb-ifb-desc\"><strong>Domingos<\/strong><br>8:00AM y 11:00AM<\/p><\/div><\/div>\n<\/div>\n<\/div><\/div>\n\n\n\n<div class=\"wp-block-uagb-slider-child uagb-slider-child-wrap swiper-slide uagb-block-96137953\"><div class=\"swiper-content\">\n<div class=\"wp-block-uagb-container uagb-block-896820a8 default uagb-is-root-container\">\n<div class=\"wp-block-uagb-info-box uagb-block-5f1dc922 uagb-infobox__content-wrap  uagb-infobox-icon-below-title uagb-infobox-image-valign-top\"><div class=\"uagb-ifb-content\"><div class=\"uagb-ifb-title-wrap\"><h2 class=\"uagb-ifb-title\">Escuela B\u00edblica Dominical <\/h2><\/div><div class=\"uagb-ifb-separator\"><\/div><div class=\"uagb-ifb-icon-wrap\"><svg xmlns=\"https:\/\/www.w3.org\/2000\/svg\" viewBox=\"0 0 512 512\"><path d=\"M0 219.2v212.5c0 14.25 11.62 26.25 26.5 27C75.32 461.2 180.2 471.3 240 511.9V245.2C181.4 205.5 79.99 194.8 29.84 192C13.59 191.1 0 203.6 0 219.2zM482.2 192c-50.09 2.848-151.3 13.47-209.1 53.09C272.1 245.2 272 245.3 272 245.5v266.5c60.04-40.39 164.7-50.76 213.5-53.28C500.4 457.9 512 445.9 512 431.7V219.2C512 203.6 498.4 191.1 482.2 192zM352 96c0-53-43-96-96-96S160 43 160 96s43 96 96 96S352 149 352 96z\"><\/path><\/svg><\/div><p class=\"uagb-ifb-desc\">Domingos 9:45 a 10:45AM<br> Clases para todas las edades<\/p><\/div><\/div>\n<\/div>\n<\/div><\/div>\n\n\n\n<div class=\"wp-block-uagb-slider-child uagb-slider-child-wrap swiper-slide uagb-block-97f24c19\"><div class=\"swiper-content\">\n<div class=\"wp-block-uagb-container uagb-block-3893a1d2 default uagb-is-root-container\">\n<div class=\"wp-block-uagb-info-box uagb-block-f6e814b7 uagb-infobox__content-wrap  uagb-infobox-icon-below-title uagb-infobox-image-valign-top\"><div class=\"uagb-ifb-content\"><div class=\"uagb-ifb-title-wrap\"><h2 class=\"uagb-ifb-title\">Clase B\u00edblica <\/h2><\/div><div class=\"uagb-ifb-separator\"><\/div><div class=\"uagb-ifb-icon-wrap\"><svg xmlns=\"https:\/\/www.w3.org\/2000\/svg\" viewBox=\"0 0 512 512\"><path d=\"M492.7 58.75C517.7 83.74 517.7 124.3 492.7 149.3L440.6 201.4L310.6 71.43L362.7 19.32C387.7-5.678 428.3-5.678 453.3 19.32L492.7 58.75zM240.1 114.9C231.6 105.5 216.4 105.5 207 114.9L104.1 216.1C95.6 226.3 80.4 226.3 71.03 216.1C61.66 207.6 61.66 192.4 71.03 183L173.1 80.97C201.2 52.85 246.8 52.85 274.9 80.97L417.9 224L229.5 412.5C181.5 460.5 120.3 493.2 53.7 506.5L28.71 511.5C20.84 513.1 12.7 510.6 7.03 504.1C1.356 499.3-1.107 491.2 .4662 483.3L5.465 458.3C18.78 391.7 51.52 330.5 99.54 282.5L254.1 128L240.1 114.9z\"><\/path><\/svg><\/div><p class=\"uagb-ifb-desc\">5:00PM<br>Mi\u00e9rcoles<\/p><\/div><\/div>\n<\/div>\n<\/div><\/div>\n\n\n\n<div class=\"wp-block-uagb-slider-child uagb-slider-child-wrap swiper-slide uagb-block-f303be72\"><div class=\"swiper-content\">\n<div class=\"wp-block-uagb-container uagb-block-8244a3ed default uagb-is-root-container\">\n<div class=\"wp-block-uagb-info-box uagb-block-0e8d2206 uagb-infobox__content-wrap  uagb-infobox-icon-below-title uagb-infobox-image-valign-top\"><div class=\"uagb-ifb-content\"><div class=\"uagb-ifb-title-wrap\"><h2 class=\"uagb-ifb-title\">Tiempo de Oraci\u00f3n <\/h2><\/div><div class=\"uagb-ifb-separator\"><\/div><div class=\"uagb-ifb-icon-wrap\"><svg xmlns=\"https:\/\/www.w3.org\/2000\/svg\" viewBox=\"0 0 640 512\"><path d=\"M272 191.9c-17.62 0-32 14.35-32 31.97V303.9c0 8.875-7.125 16-16 16s-16-7.125-16-16V227.4c0-17.37 4.75-34.5 13.75-49.37L299.5 48.41c9-15.12 4.125-34.76-11-43.88C273.1-4.225 255.8 .1289 246.1 13.63C245.1 13.88 245.5 13.88 245.4 14.13L128.1 190C117.5 205.9 112 224.3 112 243.3v80.24l-90.13 29.1C8.75 357.9 0 370.1 0 383.9v95.99c0 10.88 8.5 31.1 32 31.1c2.75 0 5.375-.25 8-1l179.3-46.62C269.1 450 304 403.8 304 351.9V223.9C304 206.3 289.6 191.9 272 191.9zM618.1 353.6L528 323.6V243.4c0-19-5.5-37.37-16.12-53.25l-117.3-175.9c-.125-.25-.6251-.2487-.75-.4987c-9.625-13.5-27.88-17.85-42.38-9.229c-15.12 9.125-20 28.76-11 44.01l77.75 129.5C427.3 193 432 210 432 227.5v76.49c0 8.875-7.125 16-16 16s-16-7.125-16-16V223.1c0-17.62-14.38-31.97-32-31.97s-32 14.38-32 31.1v127.1c0 51.87 34.88 98.12 84.75 112.4L600 511C602.6 511.6 605.4 512 608 512c23.5 0 32-21.25 32-31.1v-95.99C640 370.3 631.3 358 618.1 353.6z\"><\/path><\/svg><\/div><p class=\"uagb-ifb-desc\">7:00PM<br>Mi\u00e9rcoles<\/p><\/div><\/div>\n<\/div>\n<\/div><\/div>\n\n\n\n<div class=\"wp-block-uagb-slider-child uagb-slider-child-wrap swiper-slide uagb-block-031aeb8c\"><div class=\"swiper-content\">\n<div class=\"wp-block-uagb-container uagb-block-8cce6f69 default uagb-is-root-container\">\n<div class=\"wp-block-uagb-info-box uagb-block-61da5a27 uagb-infobox__content-wrap  uagb-infobox-icon-below-title uagb-infobox-image-valign-top\"><div class=\"uagb-ifb-content\"><div class=\"uagb-ifb-title-wrap\"><h2 class=\"uagb-ifb-title\">Grupo de Mujeres <\/h2><\/div><div class=\"uagb-ifb-separator\"><\/div><div class=\"uagb-ifb-icon-wrap\"><svg xmlns=\"https:\/\/www.w3.org\/2000\/svg\" viewBox=\"0 0 320 512\"><path d=\"M223.1 64C223.1 99.35 195.3 128 159.1 128C124.7 128 95.1 99.35 95.1 64C95.1 28.65 124.7 0 159.1 0C195.3 0 223.1 28.65 223.1 64zM70.2 400C59.28 400 51.57 389.3 55.02 378.9L86.16 285.5L57.5 323.3C46.82 337.4 26.75 340.2 12.67 329.5C-1.415 318.8-4.175 298.7 6.503 284.7L65.4 206.1C87.84 177.4 122.9 160 160 160C197.2 160 232.2 177.4 254.6 206.1L313.5 284.7C324.2 298.7 321.4 318.8 307.3 329.5C293.3 340.2 273.2 337.4 262.5 323.3L233.9 285.6L264.1 378.9C268.4 389.3 260.7 400 249.8 400H232V480C232 497.7 217.7 512 200 512C182.3 512 168 497.7 168 480V400H152V480C152 497.7 137.7 512 120 512C102.3 512 88 497.7 88 480V400H70.2z\"><\/path><\/svg><\/div><p class=\"uagb-ifb-desc\">3:00PM<br>Jueves<\/p><\/div><\/div>\n<\/div>\n<\/div><\/div>\n\n\n\n<div class=\"wp-block-uagb-slider-child uagb-slider-child-wrap swiper-slide uagb-block-bac930f1\"><div class=\"swiper-content\">\n<div class=\"wp-block-uagb-container uagb-block-d3fc8567 default uagb-is-root-container\">\n<div class=\"wp-block-uagb-info-box uagb-block-4d310f31 uagb-infobox__content-wrap  uagb-infobox-icon-below-title uagb-infobox-image-valign-top\"><div class=\"uagb-ifb-content\"><div class=\"uagb-ifb-title-wrap\"><h2 class=\"uagb-ifb-title\">Grupo de Varones <\/h2><\/div><div class=\"uagb-ifb-separator\"><\/div><div class=\"uagb-ifb-icon-wrap\"><svg xmlns=\"https:\/\/www.w3.org\/2000\/svg\" viewBox=\"0 0 320 512\"><path d=\"M208 48C208 74.51 186.5 96 160 96C133.5 96 112 74.51 112 48C112 21.49 133.5 0 160 0C186.5 0 208 21.49 208 48zM152 352V480C152 497.7 137.7 512 120 512C102.3 512 88 497.7 88 480V256.9L59.43 304.5C50.33 319.6 30.67 324.5 15.52 315.4C.3696 306.3-4.531 286.7 4.573 271.5L62.85 174.6C80.2 145.7 111.4 128 145.1 128H174.9C208.6 128 239.8 145.7 257.2 174.6L315.4 271.5C324.5 286.7 319.6 306.3 304.5 315.4C289.3 324.5 269.7 319.6 260.6 304.5L232 256.9V480C232 497.7 217.7 512 200 512C182.3 512 168 497.7 168 480V352L152 352z\"><\/path><\/svg><\/div><p class=\"uagb-ifb-desc\">8:00AM<br>S\u00e1bados<\/p><\/div><\/div>\n<\/div>\n<\/div><\/div>\n\n\n\n<div class=\"wp-block-uagb-slider-child uagb-slider-child-wrap swiper-slide uagb-block-a1d2d8ac\"><div class=\"swiper-content\">\n<div class=\"wp-block-uagb-container uagb-block-3bb2faa9 default uagb-is-root-container\">\n<div class=\"wp-block-uagb-info-box uagb-block-463b3991 uagb-infobox__content-wrap  uagb-infobox-icon-below-title uagb-infobox-image-valign-top\"><div class=\"uagb-ifb-content\"><div class=\"uagb-ifb-title-wrap\"><h2 class=\"uagb-ifb-title\">Grupo de J\u00f3venes <\/h2><\/div><div class=\"uagb-ifb-separator\"><\/div><div class=\"uagb-ifb-icon-wrap\"><svg xmlns=\"https:\/\/www.w3.org\/2000\/svg\" viewBox=\"0 0 384 512\"><path d=\"M240 96c26.5 0 48-21.5 48-48S266.5 0 240 0C213.5 0 192 21.5 192 48S213.5 96 240 96zM80.01 287.1c7.31 0 13.97-4.762 15.87-11.86L137 117c.3468-1.291 .5125-2.588 .5125-3.866c0-7.011-4.986-13.44-12.39-15.13C118.4 96.38 111.7 95.6 105.1 95.6c-36.65 0-70 23.84-79.32 59.53L.5119 253.3C.1636 254.6-.0025 255.9-.0025 257.2c0 7.003 4.961 13.42 12.36 15.11L76.01 287.5C77.35 287.8 78.69 287.1 80.01 287.1zM368 160h-15.1c-8.875 0-15.1 7.125-15.1 16V192h-34.75l-46.75-46.75C243.4 134.1 228.6 128 212.9 128C185.9 128 162.5 146.3 155.9 172.5L129 280.3C128.4 282.8 128 285.5 128 288.1c0 8.325 3.265 16.44 9.354 22.53l86.62 86.63V480c0 17.62 14.37 32 31.1 32s32-14.38 32-32v-82.75c0-17.12-6.625-33.13-18.75-45.25l-46.87-46.88c.25-.5 .5-.875 .625-1.375l19.1-79.5l22.37 22.38C271.4 252.6 279.5 256 288 256h47.1v240c0 8.875 7.125 16 15.1 16h15.1C376.9 512 384 504.9 384 496v-320C384 167.1 376.9 160 368 160zM81.01 472.3c-.672 2.63-.993 5.267-.993 7.86c0 14.29 9.749 27.29 24.24 30.89C106.9 511.8 109.5 512 112 512c14.37 0 27.37-9.75 30.1-24.25l25.25-101l-52.75-52.75L81.01 472.3z\"><\/path><\/svg><\/div><p class=\"uagb-ifb-desc\">4:00PM<br>S\u00e1bados<\/p><\/div><\/div>\n<\/div>\n<\/div><\/div>\n\n\n\n<div class=\"wp-block-uagb-slider-child uagb-slider-child-wrap swiper-slide uagb-block-6a57c2ae\"><div class=\"swiper-content\">\n<div class=\"wp-block-uagb-container uagb-block-427fbfde default uagb-is-root-container\">\n<div class=\"wp-block-uagb-info-box uagb-block-bba21713 uagb-infobox__content-wrap  uagb-infobox-icon-below-title uagb-infobox-image-valign-top\"><div class=\"uagb-ifb-content\"><div class=\"uagb-ifb-title-wrap\"><h2 class=\"uagb-ifb-title\">Matrimonios <\/h2><\/div><div class=\"uagb-ifb-separator\"><\/div><div class=\"uagb-ifb-icon-wrap\"><svg xmlns=\"https:\/\/www.w3.org\/2000\/svg\" viewBox=\"0 0 512 512\"><path d=\"M256 64C109.1 64 0 125.9 0 208v98.13C0 384.5 114.6 448 256 448s256-63.5 256-141.9V208C512 125.9 401.1 64 256 64zM256 288C203.1 288 155.1 279.1 120.4 264.6C155 249.9 201.6 240 256 240s101 9.875 135.6 24.62C356.9 279.1 308.9 288 256 288zM437.1 234.4C392.1 208.3 328.3 192 256 192S119.9 208.3 74.88 234.4C68 226.1 64 217.3 64 208C64 163.9 149.1 128 256 128c105.1 0 192 35.88 192 80C448 217.3 444 226.1 437.1 234.4z\"><\/path><\/svg><\/div><p class=\"uagb-ifb-desc\">4:00PM<br>Tercer Domingo del mes<\/p><\/div><\/div>\n<\/div>\n<\/div><\/div>\n<\/div><\/div><div class=\"swiper-pagination\"><\/div><div class=\"swiper-button-prev\"><\/div><div class=\"swiper-button-next\"><\/div><\/div>\n<\/div>\n<\/div>\n\n\n\n<div style=\"height:30px\" aria-hidden=\"true\" class=\"wp-block-spacer\"><\/div>\n\n\n\n<div class=\"wp-block-columns alignfull cols-single-sm gap-0 pt-40 pb-0 has-background is-layout-flex wp-container-core-columns-is-layout-9d6595d7 wp-block-columns-is-layout-flex\" style=\"border-radius:10px;background:radial-gradient(rgb(255,255,255) 0%,rgba(0,0,0,0.17) 90%)\">\n<div class=\"wp-block-column is-vertically-aligned-center is-layout-constrained wp-container-core-column-is-layout-56a9e311 wp-block-column-is-layout-constrained\" style=\"padding-right:var(--wp--preset--spacing--20);padding-left:var(--wp--preset--spacing--20);flex-basis:38%\">\t\t\t<div \n\t\t\tclass=\"wp-block-uagb-google-map uagb-google-map__wrap uagb-block-caf000e6     \"\n\t\t\tstyle=\"\" >\n\t\t\t\t<embed\n\t\t\t\t\tclass=\"uagb-google-map__iframe\"\n\t\t\t\t\ttitle=\"Mapa de Google de\"\n\t\t\t\t\tsrc=\"https:\/\/maps.google.com\/maps?q=Iglesia%20Evang%C3%A9lica%20Bautista%20Reformada%20Itagui%20&#038;z=17&#038;hl=es&#038;t=m&#038;output=embed&#038;iwloc=near\"\n\t\t\t\t\twidth=\"640\"\n\t\t\t\t\theight=\"280\"\n\t\t\t\t\tloading=\"lazy\"\n\t\t\t\t><\/embed>\n\t\t\t<\/div>\n\t\t\t<\/div>\n\n\n\n<div class=\"wp-block-column is-vertically-aligned-center is-layout-flow wp-block-column-is-layout-flow\">\n<figure class=\"wp-block-image aligncenter size-large is-resized mb-0 is-style-bg-colormain-round\"><img decoding=\"async\" data-src=\"https:\/\/www.iebi.com.co\/iebiwp\/wp-content\/themes\/exs\/assets\/img\/mail-outline.png\" alt=\"\" class=\"wp-image-501 lazyload\" style=\"width:60px\" src=\"data:image\/gif;base64,R0lGODlhAQABAAAAACH5BAEKAAEALAAAAAABAAEAAAICTAEAOw==\" \/><\/figure>\n\n\n\n<h4 class=\"wp-block-heading has-text-align-center mt-05 mb-0\"><strong>E-mail<\/strong><\/h4>\n\n\n\n<p class=\"has-text-align-center mt-1\"><a href=\"mailto:iebi.reformada@gmail.com\" target=\"_blank\" rel=\"noreferrer noopener\">iebi.reformada@gmail.com<\/a><\/p>\n\n\n\n<div class=\"wp-block-uagb-buttons uagb-buttons__outer-wrap uagb-btn__default-btn uagb-btn-tablet__default-btn uagb-btn-mobile__default-btn uagb-block-0a88dc74\"><div class=\"uagb-buttons__wrap uagb-buttons-layout-wrap\">\n<div class=\"wp-block-uagb-buttons-child uagb-buttons__outer-wrap uagb-block-97da67ea wp-block-button\"><div class=\"uagb-button__wrapper\"><a class=\"uagb-buttons-repeater wp-block-button__link\" href=\"https:\/\/www.iebi.com.co\/iebiwp\/contactenos\/\" onclick=\"return true;\" rel=\"follow noopener\" target=\"_blank\"><div class=\"uagb-button__link\">Escr\u00edbanos<\/div><\/a><\/div><\/div>\n<\/div><\/div>\n<\/div>\n\n\n\n<div class=\"wp-block-column is-vertically-aligned-center is-layout-flow wp-block-column-is-layout-flow\">\n<figure class=\"wp-block-image aligncenter size-large is-resized mb-0 is-style-bg-colormain-round\"><img decoding=\"async\" data-src=\"https:\/\/www.iebi.com.co\/iebiwp\/wp-content\/themes\/exs\/assets\/img\/call-outline.png\" alt=\"\" class=\"wp-image-524 lazyload\" style=\"aspect-ratio:Infinity;object-fit:cover;width:60px;height:auto\" src=\"data:image\/gif;base64,R0lGODlhAQABAAAAACH5BAEKAAEALAAAAAABAAEAAAICTAEAOw==\" \/><\/figure>\n\n\n\n<h4 class=\"wp-block-heading has-text-align-center mt-05 mb-0\"><strong>Celular<\/strong><\/h4>\n\n\n\n<p class=\"has-text-align-center mt-1\">+57 314 862 2018 <\/p>\n\n\n      \n\t\t\t<div class=\"uagb-icon-wrapper uagb-block-b818d488      \"\n\t\t\tstyle=\"\" >\n\t\t\t\t\t\t\t\t\t<span class=\"uagb-svg-wrapper\" \n\t\t\t\t\t aria-label=\"whatsapp\"\t\t\t\t\ttabindex=\"0\">\t\t\n\t\t\t\t\t\t\t\t\t\t<a rel=\"noopener noreferrer\" href=\"https:\/\/wa.me\/+573148622018\" target=\"_self\"><svg xmlns=\"https:\/\/www.w3.org\/2000\/svg\" viewBox= \"0 0 448 512\" role=\"graphics-symbol\" aria-hidden=\"false\" aria-label=\"\"><path d=\"M380.9 97.1C339 55.1 283.2 32 223.9 32c-122.4 0-222 99.6-222 222 0 39.1 10.2 77.3 29.6 111L0 480l117.7-30.9c32.4 17.7 68.9 27 106.1 27h.1c122.3 0 224.1-99.6 224.1-222 0-59.3-25.2-115-67.1-157zm-157 341.6c-33.2 0-65.7-8.9-94-25.7l-6.7-4-69.8 18.3L72 359.2l-4.4-7c-18.5-29.4-28.2-63.3-28.2-98.2 0-101.7 82.8-184.5 184.6-184.5 49.3 0 95.6 19.2 130.4 54.1 34.8 34.9 56.2 81.2 56.1 130.5 0 101.8-84.9 184.6-186.6 184.6zm101.2-138.2c-5.5-2.8-32.8-16.2-37.9-18-5.1-1.9-8.8-2.8-12.5 2.8-3.7 5.6-14.3 18-17.6 21.8-3.2 3.7-6.5 4.2-12 1.4-32.6-16.3-54-29.1-75.5-66-5.7-9.8 5.7-9.1 16.3-30.3 1.8-3.7 .9-6.9-.5-9.7-1.4-2.8-12.5-30.1-17.1-41.2-4.5-10.8-9.1-9.3-12.5-9.5-3.2-.2-6.9-.2-10.6-.2-3.7 0-9.7 1.4-14.8 6.9-5.1 5.6-19.4 19-19.4 46.3 0 27.3 19.9 53.7 22.6 57.4 2.8 3.7 39.1 59.7 94.8 83.8 35.2 15.2 49 16.5 66.6 13.9 10.7-1.6 32.8-13.4 37.4-26.4 4.6-13 4.6-24.1 3.2-26.4-1.3-2.5-5-3.9-10.5-6.6z\"><\/path><\/svg><\/a>\n\t\t\t\t\t\t\t\t\t<\/span>\n\t\t\t\t\t\t\t<\/div>\n\t\t\t<\/div>\n\n\n\n<div class=\"wp-block-column is-vertically-aligned-center is-layout-flow wp-block-column-is-layout-flow\">\n<figure class=\"wp-block-image aligncenter size-large is-resized mb-0 is-style-bg-colormain-round\"><img decoding=\"async\" data-src=\"https:\/\/www.iebi.com.co\/iebiwp\/wp-content\/themes\/exs\/assets\/img\/location-outline.png\" alt=\"\" class=\"wp-image-502 lazyload\" style=\"width:60px\" src=\"data:image\/gif;base64,R0lGODlhAQABAAAAACH5BAEKAAEALAAAAAABAAEAAAICTAEAOw==\" \/><\/figure>\n\n\n\n<h4 class=\"wp-block-heading has-text-align-center mt-05 mb-0\"><strong>Direcci\u00f3n<\/strong><\/h4>\n\n\n\n<p class=\"has-text-align-center mt-1\">Calle 50 Nro. 52-64, <br>Itag\u00fc\u00ed, Ant. Col. <\/p>\n<\/div>\n<\/div>\n\n\n\n<div style=\"height:50px\" aria-hidden=\"true\" class=\"wp-block-spacer\"><\/div>\n","protected":false},"excerpt":{"rendered":"","protected":false},"author":1,"featured_media":0,"parent":0,"menu_order":12,"comment_status":"closed","ping_status":"closed","template":"page-templates\/no-sidebar-no-title.php","meta":{"_uag_custom_page_level_css":"","cybocfi_hide_featured_image":"","footnotes":""},"class_list":["post-499","page","type-page","status-publish","hentry","no-post-thumbnail"],"uagb_featured_image_src":{"full":false,"thumbnail":false,"medium":false,"medium_large":false,"large":false,"1536x1536":false,"2048x2048":false,"post-thumbnail":false,"exs-square":false,"exs-square-half":false,"mailpoet_newsletter_max":false},"uagb_author_info":{"display_name":"P. Juan Cardona","author_link":"https:\/\/www.iebi.com.co\/iebiwp\/author\/juancaqui\/"},"uagb_comment_info":0,"uagb_excerpt":null,"_links":{"self":[{"href":"https:\/\/www.iebi.com.co\/iebiwp\/wp-json\/wp\/v2\/pages\/499","targetHints":{"allow":["GET"]}}],"collection":[{"href":"https:\/\/www.iebi.com.co\/iebiwp\/wp-json\/wp\/v2\/pages"}],"about":[{"href":"https:\/\/www.iebi.com.co\/iebiwp\/wp-json\/wp\/v2\/types\/page"}],"author":[{"embeddable":true,"href":"https:\/\/www.iebi.com.co\/iebiwp\/wp-json\/wp\/v2\/users\/1"}],"replies":[{"embeddable":true,"href":"https:\/\/www.iebi.com.co\/iebiwp\/wp-json\/wp\/v2\/comments?post=499"}],"version-history":[{"count":12,"href":"https:\/\/www.iebi.com.co\/iebiwp\/wp-json\/wp\/v2\/pages\/499\/revisions"}],"predecessor-version":[{"id":7061,"href":"https:\/\/www.iebi.com.co\/iebiwp\/wp-json\/wp\/v2\/pages\/499\/revisions\/7061"}],"wp:attachment":[{"href":"https:\/\/www.iebi.com.co\/iebiwp\/wp-json\/wp\/v2\/media?parent=499"}],"curies":[{"name":"wp","href":"https:\/\/api.w.org\/{rel}","templated":true}]}}